{"id":16,"date":"2025-11-11T11:00:51","date_gmt":"2025-11-11T10:00:51","guid":{"rendered":"https:\/\/vhs-strasshof.at\/?page_id=16"},"modified":"2025-11-11T11:00:51","modified_gmt":"2025-11-11T10:00:51","slug":"impressum","status":"publish","type":"page","link":"https:\/\/vhs-strasshof.at\/?page_id=16","title":{"rendered":"Impressum"},"content":{"rendered":"\n<p><em><strong>Kontaktdaten:<\/strong><\/em><\/p>\n\n\n\n<p>Volkshochschule der Marktgemeinde Strasshof an der Nordbahn<br>Sch\u00f6nkirchner Stra\u00dfe 3<br>2231 Strasshof<br>Leiter: Christian Graf, MA<br>t: 02287\/46662<br>m: office@vhs-strasshof.at<br>web: www.vhs-strasshof.at<\/p>\n\n\n\n<p><strong><em>Bankdaten:<\/em><\/strong><\/p>\n\n\n\n<p>Marktgemeinde Strasshof<br>Volksbank Marchfeld:<br>IBAN: AT784211055010020000<br>BIC: MVOGAT2102W<\/p>\n\n\n\n<p><strong><em>Redaktionelle Betreuung:<\/em><\/strong><\/p>\n\n\n\n<p>Christian Graf, MA<\/p>\n\n\n\n<p>Wir sind bem\u00fcht die Inhalte der Seite immer aktuell und fehlerlos zu halten. Trotzdem ist jede Haftung f\u00fcr Aktualit\u00e4t, Korrektheit oder Vollst\u00e4ndigkeit im Bezug auf den Content der Seite ausgeschlossen.<\/p>\n","protected":false},"excerpt":{"rendered":"<p>Kontaktdaten: Volkshochschule der Marktgemeinde Strasshof an der NordbahnSch\u00f6nkirchner Stra\u00dfe 32231 StrasshofLeiter: Christian Graf, MAt: 02287\/46662m: office@vhs-strasshof.atweb: www.vhs-strasshof.at Bankdaten: Marktgemeinde StrasshofVolksbank Marchfeld:IBAN: AT784211055010020000BIC: MVOGAT2102W Redaktionelle Betreuung: Christian Graf, MA Wir sind bem\u00fcht die Inhalte der Seite immer aktuell und fehlerlos zu halten. Trotzdem ist jede Haftung f\u00fcr Aktualit\u00e4t, Korrektheit oder Vollst\u00e4ndigkeit im Bezug auf den Content [&hellip;]<\/p>\n","protected":false},"author":1,"featured_media":0,"parent":0,"menu_order":0,"comment_status":"closed","ping_status":"closed","template":"","meta":{"footnotes":""},"class_list":["post-16","page","type-page","status-publish","hentry"],"_links":{"self":[{"href":"https:\/\/vhs-strasshof.at\/index.php?rest_route=\/wp\/v2\/pages\/16","targetHints":{"allow":["GET"]}}],"collection":[{"href":"https:\/\/vhs-strasshof.at\/index.php?rest_route=\/wp\/v2\/pages"}],"about":[{"href":"https:\/\/vhs-strasshof.at\/index.php?rest_route=\/wp\/v2\/types\/page"}],"author":[{"embeddable":true,"href":"https:\/\/vhs-strasshof.at\/index.php?rest_route=\/wp\/v2\/users\/1"}],"replies":[{"embeddable":true,"href":"https:\/\/vhs-strasshof.at\/index.php?rest_route=%2Fwp%2Fv2%2Fcomments&post=16"}],"version-history":[{"count":1,"href":"https:\/\/vhs-strasshof.at\/index.php?rest_route=\/wp\/v2\/pages\/16\/revisions"}],"predecessor-version":[{"id":17,"href":"https:\/\/vhs-strasshof.at\/index.php?rest_route=\/wp\/v2\/pages\/16\/revisions\/17"}],"wp:attachment":[{"href":"https:\/\/vhs-strasshof.at\/index.php?rest_route=%2Fwp%2Fv2%2Fmedia&parent=16"}],"curies":[{"name":"wp","href":"https:\/\/api.w.org\/{rel}","templated":true}]}}