{"id":25,"date":"2025-11-11T11:07:34","date_gmt":"2025-11-11T10:07:34","guid":{"rendered":"https:\/\/vhs-strasshof.at\/?page_id=25"},"modified":"2025-11-11T11:07:34","modified_gmt":"2025-11-11T10:07:34","slug":"informationen-zur-anmeldung","status":"publish","type":"page","link":"https:\/\/vhs-strasshof.at\/?page_id=25","title":{"rendered":"Informationen zur Anmeldung"},"content":{"rendered":"\n<p><strong>Kursanmeldung Sommersemester 2016<\/strong><\/p>\n\n\n\n<p><strong>Pers\u00f6nliche Anmeldung:<\/strong><\/p>\n\n\n\n<p>Einschreibetermin am Gemeindeamt Strasshof, Bahnhofstra\u00dfe 22, Zimmer 13<\/p>\n\n\n\n<p><strong>Dienstag, 23.02.2016, 16:00-19:00 Uhr<\/strong><\/p>\n\n\n\n<p><strong>B\u00fcrozeiten der VHS Strasshof (Sch\u00f6nkirchner Stra\u00dfe 3):<\/strong><\/p>\n\n\n\n<p><strong>Montag, 09:00-12:00 Uhr Mittwoch, 17:00-20:00 Uhr<\/strong><\/p>\n\n\n\n<p>Von Februar bis Mai 2016 k\u00f6nnen Sie sich auch zu den B\u00fcrozeiten der VHS Strasshof pers\u00f6nlich anmelden.<\/p>\n\n\n\n<p>Achtung! Es ist keine Bezahlung der Kurse m\u00f6glich. Sie bekommen eine Rechnung ausgedruckt!<\/p>\n\n\n\n<p><strong>Online Anmeldung:<\/strong><\/p>\n\n\n\n<p>Auch in diesem Semester k\u00f6nnen Sie sich wieder online f\u00fcr unsere Kurse anmelden. Nach erfolgreicher Anmeldung der Kurse, erhalten Sie die Rechnung per E-Mail zugesandt. Diese bezahlen Sie bitte in BAR, mit Bankomat oder Kreditkarte am Gemeindeamt Strasshof oder \u00fcberweisen den Betrag einfach per Online-Banking<\/p>\n\n\n\n<p><strong>Weitere Informationen:<\/strong><\/p>\n\n\n\n<ul class=\"wp-block-list\">\n<li>Die Anmeldung zu den Kursen der VHS Strasshof finden an den angegebenen Einschreibeterminen am Gemeindeamt Strasshof an der Nordbahn, Bahnhofstra\u00dfe 22, Zimmer 13, statt. Sie k\u00f6nnen das Kursentgelt BAR, per Bankomat oder mit Kreditkarte bezahlen.<\/li>\n\n\n\n<li>Viele Kurse bieten eine Schnupperstunde vor dem regul\u00e4ren Start des Kurses an. Anmeldungen k\u00f6nnen auch an diesen Tagen direkt beim Kursleiter get\u00e4tigt werden, wenn Sie das Kursentgelt BAR mitnehmen. Die Termine der Schnupperstunden entnehmen Sie bitte dem Kursprogramm.<\/li>\n\n\n\n<li>Bitte bedenken Sie, dass eine g\u00fcltige Kursanmeldung nur mit der Bezahlung des vollen Kursentgeltes einhergeht.<\/li>\n\n\n\n<li>Eine R\u00fcckerstattung des Kursentgeltes bei Stornierung eines Kurses ist nur in Absprache mit der Leitung der VHS Strasshof und bei Nennung triftiger Gr\u00fcnde m\u00f6glich.<\/li>\n\n\n\n<li>Die Umbuchung auf einen gleichwertigen Kurs (oder gegen Aufpreis bei eine h\u00f6heren Kursentgelt) ist m\u00f6glich.<\/li>\n<\/ul>\n","protected":false},"excerpt":{"rendered":"<p>Kursanmeldung Sommersemester 2016 Pers\u00f6nliche Anmeldung: Einschreibetermin am Gemeindeamt Strasshof, Bahnhofstra\u00dfe 22, Zimmer 13 Dienstag, 23.02.2016, 16:00-19:00 Uhr B\u00fcrozeiten der VHS Strasshof (Sch\u00f6nkirchner Stra\u00dfe 3): Montag, 09:00-12:00 Uhr Mittwoch, 17:00-20:00 Uhr Von Februar bis Mai 2016 k\u00f6nnen Sie sich auch zu den B\u00fcrozeiten der VHS Strasshof pers\u00f6nlich anmelden. Achtung! Es ist keine Bezahlung der Kurse m\u00f6glich. [&hellip;]<\/p>\n","protected":false},"author":1,"featured_media":0,"parent":0,"menu_order":0,"comment_status":"closed","ping_status":"closed","template":"","meta":{"footnotes":""},"class_list":["post-25","page","type-page","status-publish","hentry"],"_links":{"self":[{"href":"https:\/\/vhs-strasshof.at\/index.php?rest_route=\/wp\/v2\/pages\/25","targetHints":{"allow":["GET"]}}],"collection":[{"href":"https:\/\/vhs-strasshof.at\/index.php?rest_route=\/wp\/v2\/pages"}],"about":[{"href":"https:\/\/vhs-strasshof.at\/index.php?rest_route=\/wp\/v2\/types\/page"}],"author":[{"embeddable":true,"href":"https:\/\/vhs-strasshof.at\/index.php?rest_route=\/wp\/v2\/users\/1"}],"replies":[{"embeddable":true,"href":"https:\/\/vhs-strasshof.at\/index.php?rest_route=%2Fwp%2Fv2%2Fcomments&post=25"}],"version-history":[{"count":1,"href":"https:\/\/vhs-strasshof.at\/index.php?rest_route=\/wp\/v2\/pages\/25\/revisions"}],"predecessor-version":[{"id":26,"href":"https:\/\/vhs-strasshof.at\/index.php?rest_route=\/wp\/v2\/pages\/25\/revisions\/26"}],"wp:attachment":[{"href":"https:\/\/vhs-strasshof.at\/index.php?rest_route=%2Fwp%2Fv2%2Fmedia&parent=25"}],"curies":[{"name":"wp","href":"https:\/\/api.w.org\/{rel}","templated":true}]}}