{"id":9,"date":"2025-11-11T09:37:10","date_gmt":"2025-11-11T09:37:10","guid":{"rendered":"https:\/\/vhs-strasshof.at\/?page_id=9"},"modified":"2025-11-11T09:37:10","modified_gmt":"2025-11-11T09:37:10","slug":"agb","status":"publish","type":"page","link":"https:\/\/vhs-strasshof.at\/?page_id=9","title":{"rendered":"AGB"},"content":{"rendered":"\n<p>Allgemeine Gesch\u00e4ftsbedingungen der VHS Strasshof<\/p>\n\n\n\n<p>Geltungsbereich:<br>Die nachstehenden Allgemeinen Gesch\u00e4ftsbedingungen gelten f\u00fcr alle Vertr\u00e4ge, die Online oder pers\u00f6nlich zwischen der VHS Strasshof \u2013 im Folgenden Anbieter genannt &#8211; und dem Kursbuchenden \u2013 im Folgenden Teilnehmer genannt- abgeschlossen werden.<br>Die Bedingungen gelten f\u00fcr alle Buchungen und Anmeldungen f\u00fcr Kurse, Seminare, Events, Veranstaltungen, usw. (im Folgenden Kurs\/Kurse genannt).<br>Die Kurse k\u00f6nnen pers\u00f6nlich an den Einschreibeterminen am Gemeindeamt Strasshof, Bahnhofstra\u00dfe 22, Zimmer 13 oder \u00fcber das Buchungstool der VHS Strasshof gebucht werden.<\/p>\n\n\n\n<p>Vertragsschluss:<br>Voraussetzung f\u00fcr einen Vertragsschluss mit dem Anbieter ist, dass der Teilnehmer vollj\u00e4hrig und gesch\u00e4ftsf\u00e4hig ist oder mit der Einwilligung seines gesetzlichen Vertreters handelt.<br>Um einen Kurs beim Anbieter zu buchen, ist eine Registrierung des Teilnehmers notwendig. Die Kursangebote des Anbieters sind unverbindlich. Der Anbieter ist nicht verpflichtet mit dem Teilnehmer einen Vertrag zu schlie\u00dfen.<br>Durch die Anmeldung nimmt der Teilnehmer das Kursangebot verbindlich an. Sollte ein Kursplatz frei sein, kommt im Zeitpunkt der Anmeldung der Vertrag zustande. Der Teilnehmer erh\u00e4lt nach erfolgter Kursanmeldung eine Best\u00e4tigung (pers\u00f6nliche Anmeldung) bzw. eine Best\u00e4tigungsmail an die von ihm angegebene Mailadresse. Die Best\u00e4tigungserkl\u00e4rung enth\u00e4lt die wesentlichen Inhalte der Kursanmeldung. Diese hat er umgehend auf ihre Richtigkeit hin zu \u00fcberpr\u00fcfen. Unrichtigkeiten sind umgehend dem Anbieter mitzuteilen.<\/p>\n\n\n\n<p>Anmeldung, Registrierung, Zahlung:<br>Der Teilnehmer ist bei pers\u00f6nlicher Anmeldung oder Registrierung im Buchungstool des Anbieters verpflichtet, wahrheitsgem\u00e4\u00dfe Angaben zu machen. Sollte der Wahrheitspflicht nicht nachgekommen werden, kann der Teilnehmer vom Kursangebot ausgeschlossen oder sein Nutzungs-Account gesperrt werden. Der Teilnehmer hat daf\u00fcr Sorge zu tragen, dass das von ihm angegebene E-Mail Konto erreichbar ist.<br>Sofern sich beim Teilnehmer Daten \u00e4ndern, insbesondere Anschrift oder Mailadresse, so ist dieser verpflichtet diese dem Anbieter mitzuteilen, sofern die Abwicklung des Kurses von der \u00c4nderung betroffen ist. Insbesondere fallen hierunter Kontaktadressen, welche f\u00fcr die Zusendung der Kursbest\u00e4tigung und die Erstellung der Teilnehmerunterlagen relevant sind.<\/p>\n\n\n\n<p>Anmeldungen zu den Kursen der VHS Strasshof sind generell wie folgt m\u00f6glich:<\/p>\n\n\n\n<p>\u2022 Am jeweiligen Einschreibetermin am Gemeindeamt Strasshof, Bahnhofstra\u00dfe 22, Zimmer 13<br>\u2022 Online \u00fcber die Homepage der VHS Strasshof, www.vhs-strasshof.com<br>\u2022 Per E-Mail (unter Angabe von Name, Wohnadresse, Handynummer, E-Mail Adresse, Berufsgruppe und Geburtsjahr) unter office@vhs-strasshof.com<\/p>\n\n\n\n<p>Die Bezahlung der Kurse ist wie folgt m\u00f6glich:<\/p>\n\n\n\n<p>\u2022 Nach pers\u00f6nlicher Anmeldung, Online-Anmeldung (mit Buchungsbest\u00e4tigung) oder E-Mail (Buchungsbest\u00e4tigung) am Gemeindeamt Strasshof in bar, mit Bankomat oder Kreditkarte.<br>\u2022 Nach Online-Anmeldung oder E-Mail: \u00dcberweisung mit Erlagschein oder Online-Banking (Angabe von Name, Kursbezeichnung und Verwendungsnummer)<\/p>\n\n\n\n<p>Das Kursentgelt ist sp\u00e4testens zum Anmeldeschluss einzuzahlen. In Ausnahmef\u00e4llen ist das Kursentgelt sp\u00e4testens bis zur zweiten Kurseinheit zu bezahlen (wenn Kurse schon vor dem Anmeldeschluss starten oder bei sp\u00e4ter Anmeldung). Im Kursentgelt sind Lehrmittel (z.B. Skripten, B\u00fccher, Schreibmaterial, Werkstoffe wie Textilien usw.) in der Regel nicht enthalten (au\u00dfer es steht ausdr\u00fccklich dabei). Es gilt zu beachten, dass die rechtzeitige Bezahlung des Kursentgelts die Voraussetzung f\u00fcr die Kursteilnahme ist! Versp\u00e4tete Anmeldungen ziehen keinen Anspruch auf Minderung des Kursbeitrages nach sich.<\/p>\n\n\n\n<p>Eine Anmeldung zum Kursangebot der VHS Strasshof ist verbindlich. Die Entrichtung des vorgeschriebenen Kursentgelts ebenso.<\/p>\n\n\n\n<p>Kursentgeltr\u00fcckerstattungen:<br>Eine R\u00fcckerstattung des Kursentgelts ist nur bei Nichtzustandekommen eines Kurses vorgesehen. Bei versp\u00e4tetem Kurseinstieg wird der Kursbeitrag nicht reduziert.<br>Ein Anspruch auf R\u00fcckerstattung des Kursbeitrages f\u00fcr vers\u00e4umte Kurseinheiten besteht grunds\u00e4tzlich nicht! Nur in besonders ber\u00fccksichtigungsw\u00fcrdigen F\u00e4llen kann der B\u00fcrgermeister auf Antrag eine solche gew\u00e4hren.<\/p>\n\n\n\n<p>Leistungen und \u00c4nderungen am Kursprogramm:<br>Umfang und Art der konkreten Leistung richten sich nach der jeweiligen Kursbeschreibung.<br>Der konkrete Ablauf des Kurses, bzw. konkrete Inhalte k\u00f6nnen vom Anbieter aufgrund Neuerungen oder Ver\u00e4nderungen am Tag des Kurses abge\u00e4ndert werden, solange der Kurs die f\u00fcr die Qualifikation notwendigen Inhalte vermittelt. \u00c4nderungen am Kursprogramm und Druckfehler m\u00fcssen vorbehalten werden. Eine \u00c4nderung bei der Kursleitung (ad\u00e4quater Ersatz) berechtigt den Teilnehmer nicht zum R\u00fccktritt.<\/p>\n\n\n\n<p>Mindestteilnehmerzahl:<br>Kurse k\u00f6nnen grunds\u00e4tzlich nur mit einer gewissen Mindestteilnehmerzahl abgehalten werden. Bei knapper Verfehlung dieser Zahl kann der Kurs aliquot gek\u00fcrzt oder nach Aufzahlung der Teilnehmer als Klein-Gruppe gef\u00fchrt werden. Die entsprechenden Mindestteilnehmerzahlen variieren und k\u00f6nnen dem Kursprogramm entnommen werden.<\/p>\n\n\n\n<p>\u00dcbertragung und Ummeldung:<br>Die Anmeldung zu einem Kurs der VHS Strasshof ist auf einen Dritten \u00fcbertragbar. Dieser \u00fcbernimmt die Kosten des Kurses und nimmt den Platz des Vorg\u00e4ngers ein.<\/p>\n\n\n\n<p>Ein Kurswechsel ist nur nach Absprache mit dem VHS-B\u00fcro m\u00f6glich.<\/p>\n\n\n\n<p>R\u00fccktrittsrecht nach dem Fernabsatzgesetz:<br>Bei Kursanmeldungen mittels Fernkommunikationsmittel (Kommunikationsmittel, die zum Abschluss eines Vertrages ohne gleichzeitige k\u00f6rperliche Anwesenheit der Parteien verwendet werden k\u00f6nnen) gilt das R\u00fccktrittsrecht nach dem Fernabsatzgesetz (geregelt im Konsumentenschutzgesetz KSchG).<\/p>\n\n\n\n<p>Schnupperstunden:<br>Die VHS Strasshof bietet vor Semesterbeginn stets eine Vielzahl an Schnuppertermin an (siehe Kursprogramm). Eine Anmeldung zu den Schnupperterminen ist unbedingt notwendig. Online auf der Homepage unter 02287\/46662 oder office@vhs-strasshof.com<\/p>\n\n\n\n<p>Schnupperstunden zu anderen Kursen sind ebenfalls nach Absprache mit dem B\u00fcro der VHS und dem Kursleiter m\u00f6glich.<\/p>\n\n\n\n<p>Unterrichtseinheiten:<br>Die Unterrichtseinheiten liegen bei der VHS Strasshof zwischen 50 und 60 Minuten und variieren von Kurs zu Kurs. Bitte beachten Sie die Kurszeiten im Kursprogramm.<\/p>\n\n\n\n<p>Haftung:<br>Versicherung f\u00fcr jegliche Risiken ist Sache des Teilnehmers.<br>F\u00fcr den Ablauf der Kurse wird die Haftung f\u00fcr ein Verschulden der Mitarbeiter des Anbieters ausgeschlossen.<br>F\u00fcr eventuell auftretende Sachsch\u00e4den, haftet der Anbieter nur im Falle des Vorsatzes und gr\u00f6bster Fahrl\u00e4ssigkeit.<br>Die Webinhalte des Anbieters kann Verlinkungen enthalten. F\u00fcr s\u00e4mtliche externen Verlinkungen und deren Inhalte ist der Anbieter nicht verantwortlich.<\/p>\n\n\n\n<p>Datenschutz:<br>Mit der Registrierung beim Anbieter stimmt der Teilnehmer der Erfassung seiner personenbezogenen Daten zu. Der Anbieter unternimmt alle wirtschaftlich und technisch zumutbaren Vorkehrungen, um die Daten vor dem Zugriff Dritter zu sch\u00fctzen.<br>Die personenbezogenen Daten werden bei Ihrer elektronischen Verarbeitung gem\u00e4\u00df den Bestimmungen und den gesetzlichen Vorgaben verwendet.<br>Der Anbieter verwendet die Daten ausschlie\u00dflich zu eigenen Zwecken.<\/p>\n\n\n\n<p>Newsletter und Bildmaterial:<br>Mit einer Anmeldung zu einem Kurs\/Workshop an der VHS Strasshof erlauben Sie uns, Ihre E-Mail Adresse zu unserem Newsletter hinzuzuf\u00fcgen. Die VHS Strasshof erlaubt sich, Sie in lockeren Abst\u00e4nden \u00fcber Neuigkeiten an unserem Institut zu informieren. Der Newsletter kann jederzeit storniert werden.<br>Die VHS Strasshof darf Fotos, die im Kursalltag entstehen zu Werbezwecken verwenden (Homepage, Kursprogramm\u2026).<\/p>\n\n\n\n<p>Schlussbestimmungen<br>Gerichtsstand ist der Wohnsitz des Verbrauchers.<br>Es gilt \u00d6sterreichisches Recht.<br>Sollte eine Bestimmung der allgemeinen Gesch\u00e4ftsbedingungen unwirksam sein oder werden, so bleibt die Wirksamkeit der \u00fcbrigen Bestimmungen hiervon unber\u00fchrt. Im Falle der Unwirksamkeit sind die Vertragspartner verpflichtet, eine Regelung zu finden, welche der unwirksamen wirtschaftlich am n\u00e4chsten kommt.<\/p>\n\n\n\n<p>VHS Strasshof, 18.08.2015<\/p>\n\n\n\n<p><\/p>\n","protected":false},"excerpt":{"rendered":"<p>Allgemeine Gesch\u00e4ftsbedingungen der VHS Strasshof Geltungsbereich:Die nachstehenden Allgemeinen Gesch\u00e4ftsbedingungen gelten f\u00fcr alle Vertr\u00e4ge, die Online oder pers\u00f6nlich zwischen der VHS Strasshof \u2013 im Folgenden Anbieter genannt &#8211; und dem Kursbuchenden \u2013 im Folgenden Teilnehmer genannt- abgeschlossen werden.Die Bedingungen gelten f\u00fcr alle Buchungen und Anmeldungen f\u00fcr Kurse, Seminare, Events, Veranstaltungen, usw. (im Folgenden Kurs\/Kurse genannt).Die Kurse [&hellip;]<\/p>\n","protected":false},"author":1,"featured_media":0,"parent":0,"menu_order":0,"comment_status":"closed","ping_status":"closed","template":"","meta":{"footnotes":""},"class_list":["post-9","page","type-page","status-publish","hentry"],"_links":{"self":[{"href":"https:\/\/vhs-strasshof.at\/index.php?rest_route=\/wp\/v2\/pages\/9","targetHints":{"allow":["GET"]}}],"collection":[{"href":"https:\/\/vhs-strasshof.at\/index.php?rest_route=\/wp\/v2\/pages"}],"about":[{"href":"https:\/\/vhs-strasshof.at\/index.php?rest_route=\/wp\/v2\/types\/page"}],"author":[{"embeddable":true,"href":"https:\/\/vhs-strasshof.at\/index.php?rest_route=\/wp\/v2\/users\/1"}],"replies":[{"embeddable":true,"href":"https:\/\/vhs-strasshof.at\/index.php?rest_route=%2Fwp%2Fv2%2Fcomments&post=9"}],"version-history":[{"count":1,"href":"https:\/\/vhs-strasshof.at\/index.php?rest_route=\/wp\/v2\/pages\/9\/revisions"}],"predecessor-version":[{"id":10,"href":"https:\/\/vhs-strasshof.at\/index.php?rest_route=\/wp\/v2\/pages\/9\/revisions\/10"}],"wp:attachment":[{"href":"https:\/\/vhs-strasshof.at\/index.php?rest_route=%2Fwp%2Fv2%2Fmedia&parent=9"}],"curies":[{"name":"wp","href":"https:\/\/api.w.org\/{rel}","templated":true}]}}